{"id":1080,"date":"2021-02-18T09:51:46","date_gmt":"2021-02-18T08:51:46","guid":{"rendered":"https:\/\/extermination-capture-ria.ca\/cockroach-control-copy-5\/"},"modified":"2023-11-19T16:46:20","modified_gmt":"2023-11-19T21:46:20","slug":"controle-des-araignees","status":"publish","type":"page","link":"https:\/\/extermination-capture-ria.ca\/en\/controle-des-araignees\/","title":{"rendered":"Spider Control"},"content":{"rendered":"<div data-elementor-type=\"wp-page\" data-elementor-id=\"1080\" class=\"elementor elementor-1080\" data-elementor-post-type=\"page\">\n\t\t\t\t\t\t\t\t\t<section class=\"elementor-section elementor-top-section elementor-element elementor-element-274aea4a elementor-section-full_width elementor-section-height-min-height elementor-section-content-middle elementor-section-height-default elementor-section-items-middle\" data-id=\"274aea4a\" data-element_type=\"section\" data-settings=\"{&quot;background_background&quot;:&quot;classic&quot;}\">\n\t\t\t\t\t\t<div class=\"elementor-container elementor-column-gap-default\">\n\t\t\t\t\t<div class=\"elementor-column elementor-col-100 elementor-top-column elementor-element elementor-element-dac9537\" data-id=\"dac9537\" data-element_type=\"column\">\n\t\t\t<div class=\"elementor-widget-wrap elementor-element-populated\">\n\t\t\t\t\t\t\t\t<div class=\"elementor-element elementor-element-c029b59 elementor-widget elementor-widget-heading\" data-id=\"c029b59\" data-element_type=\"widget\" data-widget_type=\"heading.default\">\n\t\t\t\t<div class=\"elementor-widget-container\">\n\t\t\t<style>\/*! elementor - v3.18.0 - 20-12-2023 *\/\n.elementor-heading-title{padding:0;margin:0;line-height:1}.elementor-widget-heading .elementor-heading-title[class*=elementor-size-]>a{color:inherit;font-size:inherit;line-height:inherit}.elementor-widget-heading .elementor-heading-title.elementor-size-small{font-size:15px}.elementor-widget-heading .elementor-heading-title.elementor-size-medium{font-size:19px}.elementor-widget-heading .elementor-heading-title.elementor-size-large{font-size:29px}.elementor-widget-heading .elementor-heading-title.elementor-size-xl{font-size:39px}.elementor-widget-heading .elementor-heading-title.elementor-size-xxl{font-size:59px}<\/style><h1 class=\"elementor-heading-title elementor-size-default\">Spider Control<\/h1>\t\t<\/div>\n\t\t\t\t<\/div>\n\t\t\t\t<div class=\"elementor-element elementor-element-38b44543 elementor-widget elementor-widget-spacer\" data-id=\"38b44543\" data-element_type=\"widget\" data-widget_type=\"spacer.default\">\n\t\t\t\t<div class=\"elementor-widget-container\">\n\t\t\t<style>\/*! elementor - v3.18.0 - 20-12-2023 *\/\n.elementor-column .elementor-spacer-inner{height:var(--spacer-size)}.e-con{--container-widget-width:100%}.e-con-inner>.elementor-widget-spacer,.e-con>.elementor-widget-spacer{width:var(--container-widget-width,var(--spacer-size));--align-self:var(--container-widget-align-self,initial);--flex-shrink:0}.e-con-inner>.elementor-widget-spacer>.elementor-widget-container,.e-con>.elementor-widget-spacer>.elementor-widget-container{height:100%;width:100%}.e-con-inner>.elementor-widget-spacer>.elementor-widget-container>.elementor-spacer,.e-con>.elementor-widget-spacer>.elementor-widget-container>.elementor-spacer{height:100%}.e-con-inner>.elementor-widget-spacer>.elementor-widget-container>.elementor-spacer>.elementor-spacer-inner,.e-con>.elementor-widget-spacer>.elementor-widget-container>.elementor-spacer>.elementor-spacer-inner{height:var(--container-widget-height,var(--spacer-size))}.e-con-inner>.elementor-widget-spacer.elementor-widget-empty,.e-con>.elementor-widget-spacer.elementor-widget-empty{position:relative;min-height:22px;min-width:22px}.e-con-inner>.elementor-widget-spacer.elementor-widget-empty .elementor-widget-empty-icon,.e-con>.elementor-widget-spacer.elementor-widget-empty .elementor-widget-empty-icon{position:absolute;top:0;bottom:0;left:0;right:0;margin:auto;padding:0;width:22px;height:22px}<\/style>\t\t<div class=\"elementor-spacer\">\n\t\t\t<div class=\"elementor-spacer-inner\"><\/div>\n\t\t<\/div>\n\t\t\t\t<\/div>\n\t\t\t\t<\/div>\n\t\t\t\t<div class=\"elementor-element elementor-element-1acf64e1 elementor-widget elementor-widget-heading\" data-id=\"1acf64e1\" data-element_type=\"widget\" data-widget_type=\"heading.default\">\n\t\t\t\t<div class=\"elementor-widget-container\">\n\t\t\t<h1 class=\"elementor-heading-title elementor-size-default\">We treat our customers like family since 2012\n<\/h1>\t\t<\/div>\n\t\t\t\t<\/div>\n\t\t\t\t\t<\/div>\n\t\t<\/div>\n\t\t\t\t\t\t\t<\/div>\n\t\t<\/section>\n\t\t\t\t<section class=\"elementor-section elementor-top-section elementor-element elementor-element-1fe6062 elementor-section-boxed elementor-section-height-default elementor-section-height-default\" data-id=\"1fe6062\" data-element_type=\"section\">\n\t\t\t\t\t\t<div class=\"elementor-container elementor-column-gap-default\">\n\t\t\t\t\t<div class=\"elementor-column elementor-col-100 elementor-top-column elementor-element elementor-element-c8c2fb5\" data-id=\"c8c2fb5\" data-element_type=\"column\">\n\t\t\t<div class=\"elementor-widget-wrap elementor-element-populated\">\n\t\t\t\t\t\t\t\t<div class=\"elementor-element elementor-element-58029cf elementor-widget elementor-widget-spacer\" data-id=\"58029cf\" data-element_type=\"widget\" data-widget_type=\"spacer.default\">\n\t\t\t\t<div class=\"elementor-widget-container\">\n\t\t\t\t\t<div class=\"elementor-spacer\">\n\t\t\t<div class=\"elementor-spacer-inner\"><\/div>\n\t\t<\/div>\n\t\t\t\t<\/div>\n\t\t\t\t<\/div>\n\t\t\t\t\t<\/div>\n\t\t<\/div>\n\t\t\t\t\t\t\t<\/div>\n\t\t<\/section>\n\t\t\t\t<section class=\"elementor-section elementor-top-section elementor-element elementor-element-0c37d20 elementor-section-content-middle elementor-section-boxed elementor-section-height-default elementor-section-height-default\" data-id=\"0c37d20\" data-element_type=\"section\">\n\t\t\t\t\t\t<div class=\"elementor-container elementor-column-gap-default\">\n\t\t\t\t\t<div class=\"elementor-column elementor-col-50 elementor-top-column elementor-element elementor-element-33d65f8\" data-id=\"33d65f8\" data-element_type=\"column\">\n\t\t\t<div class=\"elementor-widget-wrap elementor-element-populated\">\n\t\t\t\t\t\t\t\t<div class=\"elementor-element elementor-element-f43dada elementor-widget elementor-widget-image\" data-id=\"f43dada\" data-element_type=\"widget\" data-widget_type=\"image.default\">\n\t\t\t\t<div class=\"elementor-widget-container\">\n\t\t\t<style>\/*! elementor - v3.18.0 - 20-12-2023 *\/\n.elementor-widget-image{text-align:center}.elementor-widget-image a{display:inline-block}.elementor-widget-image a img[src$=\".svg\"]{width:48px}.elementor-widget-image img{vertical-align:middle;display:inline-block}<\/style>\t\t\t\t\t\t\t\t\t\t\t\t<img fetchpriority=\"high\" decoding=\"async\" width=\"2560\" height=\"1920\" src=\"https:\/\/extermination-capture-ria.ca\/wp-content\/uploads\/2023\/05\/ed-van-duijn-UUdJ-0LQs0M-unsplash-scaled.jpg\" class=\"attachment-full size-full wp-image-2247\" alt=\"Exterminateur St-J\u00e9r\u00f4me extermination St-J\u00e9r\u00f4me\" srcset=\"https:\/\/extermination-capture-ria.ca\/wp-content\/uploads\/2023\/05\/ed-van-duijn-UUdJ-0LQs0M-unsplash-scaled.jpg 2560w, https:\/\/extermination-capture-ria.ca\/wp-content\/uploads\/2023\/05\/ed-van-duijn-UUdJ-0LQs0M-unsplash-300x225.jpg 300w, https:\/\/extermination-capture-ria.ca\/wp-content\/uploads\/2023\/05\/ed-van-duijn-UUdJ-0LQs0M-unsplash-1024x768.jpg 1024w, https:\/\/extermination-capture-ria.ca\/wp-content\/uploads\/2023\/05\/ed-van-duijn-UUdJ-0LQs0M-unsplash-768x576.jpg 768w, https:\/\/extermination-capture-ria.ca\/wp-content\/uploads\/2023\/05\/ed-van-duijn-UUdJ-0LQs0M-unsplash-1536x1152.jpg 1536w, https:\/\/extermination-capture-ria.ca\/wp-content\/uploads\/2023\/05\/ed-van-duijn-UUdJ-0LQs0M-unsplash-2048x1536.jpg 2048w, https:\/\/extermination-capture-ria.ca\/wp-content\/uploads\/2023\/05\/ed-van-duijn-UUdJ-0LQs0M-unsplash-16x12.jpg 16w\" sizes=\"(max-width: 2560px) 100vw, 2560px\" title=\"\">\t\t\t\t\t\t\t\t\t\t\t\t\t\t\t<\/div>\n\t\t\t\t<\/div>\n\t\t\t\t\t<\/div>\n\t\t<\/div>\n\t\t\t\t<div class=\"elementor-column elementor-col-50 elementor-top-column elementor-element elementor-element-7fda270\" data-id=\"7fda270\" data-element_type=\"column\">\n\t\t\t<div class=\"elementor-widget-wrap elementor-element-populated\">\n\t\t\t\t\t\t\t\t<div class=\"elementor-element elementor-element-9b1d125 elementor-widget elementor-widget-text-editor\" data-id=\"9b1d125\" data-element_type=\"widget\" data-widget_type=\"text-editor.default\">\n\t\t\t\t<div class=\"elementor-widget-container\">\n\t\t\t<style>\/*! elementor - v3.18.0 - 20-12-2023 *\/\n.elementor-widget-text-editor.elementor-drop-cap-view-stacked .elementor-drop-cap{background-color:#69727d;color:#fff}.elementor-widget-text-editor.elementor-drop-cap-view-framed .elementor-drop-cap{color:#69727d;border:3px solid;background-color:transparent}.elementor-widget-text-editor:not(.elementor-drop-cap-view-default) .elementor-drop-cap{margin-top:8px}.elementor-widget-text-editor:not(.elementor-drop-cap-view-default) .elementor-drop-cap-letter{width:1em;height:1em}.elementor-widget-text-editor .elementor-drop-cap{float:left;text-align:center;line-height:1;font-size:50px}.elementor-widget-text-editor .elementor-drop-cap-letter{display:inline-block}<\/style>\t\t\t\t<p>When temperatures warm up, you can expect to see some little invaders in and around your home: spiders. Whether you're dealing with house spiders, wolf spiders, cellar spiders, black widow spiders, or any other spider species, the health and safety risks associated with small pest species can put your loved ones at risk. This is why it is important to work with a certified spider control provider to help you eliminate spiders from your home.<\/p>\t\t\t\t\t\t<\/div>\n\t\t\t\t<\/div>\n\t\t\t\t<div class=\"elementor-element elementor-element-639fe80 elementor-align-center elementor-widget elementor-widget-button\" data-id=\"639fe80\" data-element_type=\"widget\" data-widget_type=\"button.default\">\n\t\t\t\t<div class=\"elementor-widget-container\">\n\t\t\t\t\t<div class=\"elementor-button-wrapper\">\n\t\t\t<a class=\"elementor-button elementor-button-link elementor-size-lg\" href=\"https:\/\/extermination-capture-ria.ca\/en\/demande-de-service\/\">\n\t\t\t\t\t\t<span class=\"elementor-button-content-wrapper\">\n\t\t\t\t\t\t<span class=\"elementor-button-text\">Request service now<\/span>\n\t\t<\/span>\n\t\t\t\t\t<\/a>\n\t\t<\/div>\n\t\t\t\t<\/div>\n\t\t\t\t<\/div>\n\t\t\t\t\t<\/div>\n\t\t<\/div>\n\t\t\t\t\t\t\t<\/div>\n\t\t<\/section>\n\t\t\t\t\t\t\t<\/div>","protected":false},"excerpt":{"rendered":"<p>Contr\u00f4le des Araign\u00e9es Nous traitons nos clients comme une famille depuis 2012 Lorsque les temp\u00e9ratures se r\u00e9chauffent, vous pouvez vous [&hellip;]<\/p>","protected":false},"author":1,"featured_media":309,"parent":0,"menu_order":0,"comment_status":"closed","ping_status":"closed","template":"elementor_header_footer","meta":{"footnotes":""},"_links":{"self":[{"href":"https:\/\/extermination-capture-ria.ca\/en\/wp-json\/wp\/v2\/pages\/1080"}],"collection":[{"href":"https:\/\/extermination-capture-ria.ca\/en\/wp-json\/wp\/v2\/pages"}],"about":[{"href":"https:\/\/extermination-capture-ria.ca\/en\/wp-json\/wp\/v2\/types\/page"}],"author":[{"embeddable":true,"href":"https:\/\/extermination-capture-ria.ca\/en\/wp-json\/wp\/v2\/users\/1"}],"replies":[{"embeddable":true,"href":"https:\/\/extermination-capture-ria.ca\/en\/wp-json\/wp\/v2\/comments?post=1080"}],"version-history":[{"count":26,"href":"https:\/\/extermination-capture-ria.ca\/en\/wp-json\/wp\/v2\/pages\/1080\/revisions"}],"predecessor-version":[{"id":3275,"href":"https:\/\/extermination-capture-ria.ca\/en\/wp-json\/wp\/v2\/pages\/1080\/revisions\/3275"}],"wp:featuredmedia":[{"embeddable":true,"href":"https:\/\/extermination-capture-ria.ca\/en\/wp-json\/wp\/v2\/media\/309"}],"wp:attachment":[{"href":"https:\/\/extermination-capture-ria.ca\/en\/wp-json\/wp\/v2\/media?parent=1080"}],"curies":[{"name":"wp","href":"https:\/\/api.w.org\/{rel}","templated":true}]}}